{"id":920,"date":"2025-04-28T21:54:49","date_gmt":"2025-04-28T19:54:49","guid":{"rendered":"https:\/\/www.sophozo.com\/variete-dolive-adramytini-edremit\/"},"modified":"2026-03-21T21:39:05","modified_gmt":"2026-03-21T20:39:05","slug":"variete-dolive-adramytini-edremit","status":"publish","type":"page","link":"https:\/\/www.sophozo.com\/fr\/variete-dolive-adramytini-edremit\/","title":{"rendered":"Vari\u00e9t\u00e9 d&rsquo;olive Adramytini &#8211; Edremit"},"content":{"rendered":"\n<h1 class=\"wp-block-heading\">Vari\u00e9t\u00e9s d&rsquo;olives Adramytini (Edremit), Aivaliotiki (Ayvalik), Fragolia ou Mytilinia<\/h1>\n\n<p>L&rsquo;arbre peut atteindre 8 m\u00e8tres de haut. La vari\u00e9t\u00e9 est cultiv\u00e9e dans les parties nord et nord-est de Lesbos, \u00e0 Chios et dans les r\u00e9gions d&rsquo;Edremit (anciennement Adramytion, d&rsquo;o\u00f9 elle est originaire) et d&rsquo;Ayvalik. Cette vari\u00e9t\u00e9 d&rsquo;olive produit des fruits de taille moyenne et m\u00fbrit en novembre. Elle produit des olives ainsi qu&rsquo;une quantit\u00e9 mod\u00e9r\u00e9e d&rsquo;huile d&rsquo;olive d&rsquo;excellente qualit\u00e9. L&rsquo;huile d&rsquo;olive est blonde, l\u00e9g\u00e8re et tr\u00e8s aromatique, avec des notes d&rsquo;herbe fra\u00eechement coup\u00e9e, de bananes immatures, de fleurs en fleurs ainsi qu&rsquo;une touche persistante d&rsquo;herbes sauvages.    <\/p>\n\n<p><\/p>\n","protected":false},"excerpt":{"rendered":"<p>Vari\u00e9t\u00e9s d&rsquo;olives Adramytini (Edremit), Aivaliotiki (Ayvalik), Fragolia ou Mytilinia L&rsquo;arbre peut atteindre 8 m\u00e8tres de haut. La vari\u00e9t\u00e9 est cultiv\u00e9e dans les parties nord et nord-est de Lesbos, \u00e0 Chios et dans les r\u00e9gions d&rsquo;Edremit (anciennement Adramytion, d&rsquo;o\u00f9 elle est originaire) et d&rsquo;Ayvalik. Cette vari\u00e9t\u00e9 d&rsquo;olive produit des fruits de taille moyenne et m\u00fbrit en [&hellip;]<\/p>\n","protected":false},"author":1,"featured_media":0,"parent":0,"menu_order":0,"comment_status":"closed","ping_status":"closed","template":"","meta":{"_acf_changed":false,"footnotes":""},"class_list":["post-920","page","type-page","status-publish","hentry"],"acf":[],"_links":{"self":[{"href":"https:\/\/www.sophozo.com\/fr\/wp-json\/wp\/v2\/pages\/920","targetHints":{"allow":["GET"]}}],"collection":[{"href":"https:\/\/www.sophozo.com\/fr\/wp-json\/wp\/v2\/pages"}],"about":[{"href":"https:\/\/www.sophozo.com\/fr\/wp-json\/wp\/v2\/types\/page"}],"author":[{"embeddable":true,"href":"https:\/\/www.sophozo.com\/fr\/wp-json\/wp\/v2\/users\/1"}],"replies":[{"embeddable":true,"href":"https:\/\/www.sophozo.com\/fr\/wp-json\/wp\/v2\/comments?post=920"}],"version-history":[{"count":1,"href":"https:\/\/www.sophozo.com\/fr\/wp-json\/wp\/v2\/pages\/920\/revisions"}],"predecessor-version":[{"id":921,"href":"https:\/\/www.sophozo.com\/fr\/wp-json\/wp\/v2\/pages\/920\/revisions\/921"}],"wp:attachment":[{"href":"https:\/\/www.sophozo.com\/fr\/wp-json\/wp\/v2\/media?parent=920"}],"curies":[{"name":"wp","href":"https:\/\/api.w.org\/{rel}","templated":true}]}}